{"id":7,"date":"2026-04-18T09:12:08","date_gmt":"2026-04-18T09:12:08","guid":{"rendered":"https:\/\/dev.aimagroup.com\/?page_id=7"},"modified":"2026-04-18T11:32:31","modified_gmt":"2026-04-18T11:32:31","slug":"inicio","status":"publish","type":"page","link":"https:\/\/dev.aimagroup.com\/","title":{"rendered":"Inicio"},"content":{"rendered":"\r\n<div class=\"wp-block-cover alignfull\" style=\"min-height: 800px;aspect-ratio:unset;\"><img decoding=\"async\" class=\"wp-block-cover__image-background\" style=\"object-position: 50% 72%;\" src=\"https:\/\/dev.aimagroup.com\/wp-content\/themes\/neve\/assets\/img\/starter-content\/neve-hero-2.png\" alt=\"\" data-object-fit=\"cover\" data-object-position=\"50% 72%\" \/>\r\n<div class=\"wp-block-cover__inner-container is-layout-flow wp-block-cover-is-layout-flow\">\r\n<div class=\"wp-block-columns are-vertically-aligned-center is-layout-flex wp-container-core-columns-is-layout-9d6595d7 wp-block-columns-is-layout-flex\">\r\n<div class=\"wp-block-column is-vertically-aligned-center is-layout-flow wp-block-column-is-layout-flow\" style=\"padding-right: var(--wp--preset--spacing--20); padding-left: var(--wp--preset--spacing--20); flex-basis: 65%;\">\r\n<div class=\"wp-block-spacer\" style=\"height: 80px;\" aria-hidden=\"true\">\u00a0<\/div>\r\n\r\n\r\n\r\n<h1 class=\"wp-block-heading has-text-align-left has-nv-text-dark-bg-color has-text-color\">Colaborando con las PYMES en su desarrollo tecnol\u00f3gico.<\/h1>\r\n\r\n\r\n\r\n<p class=\"has-text-align-left has-nv-text-dark-bg-color has-text-color\" style=\"font-size: 17px;\">Desde 2003 asesoramos a las Pymes en la implantaci\u00f3n de las nuevas TI, ERPs, ciberseguridad, redes y cualquier sistema de informaci\u00f3n.<\/p>\r\n\r\n\r\n\r\n<div class=\"wp-block-buttons is-horizontal is-content-justification-left is-layout-flex wp-container-core-buttons-is-layout-7e5fce0a wp-block-buttons-is-layout-flex\">\r\n<div class=\"wp-block-button is-style-primary\"><a href=\"https:\/\/dev.aimagroup.com\/?page_id=8\">Sobre nosotros<\/a><\/div>\r\n\r\n\r\n\r\n<div class=\"wp-block-button is-style-secondary\"><a href=\"https:\/\/dev.aimagroup.com\/?page_id=10\">Portfolio<\/a><\/div>\r\n<\/div>\r\n\r\n\r\n\r\n<div class=\"wp-block-spacer\" style=\"height: 100px;\" aria-hidden=\"true\">\u00a0<\/div>\r\n<\/div>\r\n\r\n\r\n\r\n<div class=\"wp-block-column is-vertically-aligned-center is-layout-flow wp-block-column-is-layout-flow\">\r\n<figure class=\"wp-block-image size-full\"><img decoding=\"async\" src=\"https:\/\/dev.aimagroup.com\/wp-content\/themes\/neve\/assets\/img\/starter-content\/person-hero-2.png\" alt=\"\" \/><\/figure>\r\n<\/div>\r\n<\/div>\r\n<\/div>\r\n<\/div>\r\n\r\n\r\n\r\n<div class=\"wp-block-spacer\" style=\"height: 40px;\" aria-hidden=\"true\">\u00a0<\/div>\r\n\r\n\r\n\r\n<div class=\"wp-block-columns is-layout-flex wp-container-core-columns-is-layout-9d6595d7 wp-block-columns-is-layout-flex\">\r\n<div class=\"wp-block-column neve-duotone is-layout-flow wp-block-column-is-layout-flow\" style=\"padding-right: var(--wp--preset--spacing--30); padding-left: var(--wp--preset--spacing--30);\"><div class=\"wp-block-image icon-style is-style-default wp-duotone-unset-1\">\r\n<figure class=\"aligncenter size-full has-custom-border\"><img decoding=\"async\" style=\"border-radius: 0px;\" title=\"\" src=\"https:\/\/dev.aimagroup.com\/wp-content\/themes\/neve\/assets\/img\/starter-content\/neve-marketing-icon-1.png\" alt=\"\" \/><\/figure>\r\n<\/div>\r\n\r\n\r\n<div class=\"wp-block-spacer\" style=\"height: 16px;\" aria-hidden=\"true\">\u00a0<\/div>\r\n\r\n\r\n\r\n<h3 class=\"wp-block-heading has-text-align-center has-neve-text-color-color has-text-color\">Business<\/h3>\r\n\r\n\r\n\r\n<p class=\"has-text-align-center\">Vivamus dolor sit amet do, consectetur adipiscing.<\/p>\r\n\r\n\r\n\r\n<div class=\"wp-block-spacer\" style=\"height: 20px;\" aria-hidden=\"true\">\u00a0<\/div>\r\n<\/div>\r\n\r\n\r\n\r\n<div class=\"wp-block-column is-layout-flow wp-block-column-is-layout-flow\" style=\"padding-right: var(--wp--preset--spacing--30); padding-left: var(--wp--preset--spacing--30);\"><div class=\"wp-block-image icon-style is-style-default\">\r\n<figure class=\"aligncenter size-full has-custom-border\"><img decoding=\"async\" style=\"border-radius: 0px;\" title=\"\" src=\"https:\/\/dev.aimagroup.com\/wp-content\/themes\/neve\/assets\/img\/starter-content\/neve-marketing-icon-4.1.png\" alt=\"\" \/><\/figure>\r\n<\/div>\r\n\r\n\r\n<div class=\"wp-block-spacer\" style=\"height: 16px;\" aria-hidden=\"true\">\u00a0<\/div>\r\n\r\n\r\n\r\n<h3 class=\"wp-block-heading has-text-align-center has-neve-text-color-color has-text-color\">Online Store<\/h3>\r\n\r\n\r\n\r\n<p class=\"has-text-align-center\">Sollicitudin ipsum sit amet elit do sed eiusmod tempor.<\/p>\r\n\r\n\r\n\r\n<div class=\"wp-block-spacer\" style=\"height: 20px;\" aria-hidden=\"true\">\u00a0<\/div>\r\n<\/div>\r\n\r\n\r\n\r\n<div class=\"wp-block-column is-layout-flow wp-block-column-is-layout-flow\" style=\"padding-right: var(--wp--preset--spacing--30); padding-left: var(--wp--preset--spacing--30);\"><div class=\"wp-block-image icon-style is-style-default wp-duotone-unset-2\">\r\n<figure class=\"aligncenter size-full has-custom-border\"><img decoding=\"async\" style=\"border-radius: 0px;\" title=\"\" src=\"https:\/\/dev.aimagroup.com\/wp-content\/themes\/neve\/assets\/img\/starter-content\/neve-marketing-icon-3.1.png\" alt=\"\" \/><\/figure>\r\n<\/div>\r\n\r\n\r\n<div class=\"wp-block-spacer\" style=\"height: 16px;\" aria-hidden=\"true\">\u00a0<\/div>\r\n\r\n\r\n\r\n<h3 class=\"wp-block-heading has-text-align-center has-neve-text-color-color has-text-color\">Personal Blog<\/h3>\r\n\r\n\r\n\r\n<p class=\"has-text-align-center\">Faucibus dolor sit amet do, consectetur adipiscing.<\/p>\r\n\r\n\r\n\r\n<div class=\"wp-block-spacer\" style=\"height: 20px;\" aria-hidden=\"true\">\u00a0<\/div>\r\n<\/div>\r\n\r\n\r\n\r\n<div class=\"wp-block-column is-layout-flow wp-block-column-is-layout-flow\" style=\"padding-right: var(--wp--preset--spacing--30); padding-left: var(--wp--preset--spacing--30);\"><div class=\"wp-block-image icon-style is-style-default wp-duotone-unset-3\">\r\n<figure class=\"aligncenter size-full has-custom-border\"><img decoding=\"async\" style=\"border-radius: 0px;\" title=\"\" src=\"https:\/\/dev.aimagroup.com\/wp-content\/themes\/neve\/assets\/img\/starter-content\/neve-marketing-icon-2.png\" alt=\"\" \/><\/figure>\r\n<\/div>\r\n\r\n\r\n<div class=\"wp-block-spacer\" style=\"height: 16px;\" aria-hidden=\"true\">\u00a0<\/div>\r\n\r\n\r\n\r\n<h3 class=\"wp-block-heading has-text-align-center has-neve-text-color-color has-text-color\">Portfolio<\/h3>\r\n\r\n\r\n\r\n<p class=\"has-text-align-center\">Interdum dolor sit amet elit do sed eiusmod tempor.<\/p>\r\n\r\n\r\n\r\n<div class=\"wp-block-spacer\" style=\"height: 20px;\" aria-hidden=\"true\">\u00a0<\/div>\r\n<\/div>\r\n<\/div>\r\n\r\n\r\n\r\n<div class=\"wp-block-cover alignfull is-layout-flow wp-block-cover-is-layout-flow\" style=\"min-height: 600px;aspect-ratio:unset;\">\r\n<div class=\"wp-block-cover__inner-container\">\r\n<div class=\"wp-block-group\">\r\n<div class=\"wp-block-spacer\" style=\"height: 80px;\" aria-hidden=\"true\">\u00a0<\/div>\r\n<div class=\"wp-block-columns\">\r\n<div class=\"wp-block-column\" style=\"padding-right: 0; padding-left: 0; flex-basis: 20%;\">\r\n<div class=\"wp-block-group\">\u00a0<\/div>\r\n<\/div>\r\n<div class=\"wp-block-column\" style=\"flex-basis: 60%;\">\r\n<div class=\"wp-block-group\">\r\n<h2 class=\"wp-block-heading has-text-align-center has-neve-text-color-color has-text-color has-link-color\">Nuestras \u00e1reas de actuaci\u00f3n<\/h2>\r\n<p class=\"has-text-align-center has-neve-text-color-color has-text-color has-link-color\">Somos especialistas en m\u00faltiples \u00e1reas de la digitalizaci\u00f3n de las pymes. Ofrecemos un amplio portfolio de soluciones tecnol\u00f3gicas de la mano de fabricantes l\u00edderes en el mercado como Sage, Dell, WatchGuard, Microsoft, entre otros. Adem\u00e1s, contamos con un equipo de socios tecnol\u00f3gicos que trabaja d\u00eda a d\u00eda en desarrollos e integraciones a medida entre todas nuestras soluciones.<\/p>\r\n<div class=\"wp-block-spacer\" style=\"height: 0px;\" aria-hidden=\"true\">\u00a0<\/div>\r\n<\/div>\r\n<\/div>\r\n<div class=\"wp-block-column\" style=\"flex-basis: 20%;\">\r\n<div class=\"wp-block-group\">\u00a0<\/div>\r\n<\/div>\r\n<\/div>\r\n<div class=\"wp-block-columns are-vertically-aligned-center\">\r\n<div class=\"wp-block-column is-vertically-aligned-center\" style=\"padding-right: var(--wp--preset--spacing--30); padding-left: var(--wp--preset--spacing--30); flex-basis: 50%;\">\r\n<figure class=\"wp-block-image size-full has-custom-border\"><img decoding=\"async\" style=\"border-radius: 16px; width: 100%; height: auto; display: block;\" src=\"https:\/\/dev.aimagroup.com\/wp-content\/uploads\/2026\/04\/ERPS-300x200.png\" alt=\"Software ERP para pymes\" \/><\/figure>\r\n<h3 class=\"wp-block-heading has-text-align-center has-neve-text-color-color has-text-color\">Implantaci\u00f3n de ERPs, Business Intelligence, CRM y gesti\u00f3n documental<\/h3>\r\n<\/div>\r\n<div class=\"wp-block-column is-vertically-aligned-center\" style=\"padding-right: var(--wp--preset--spacing--30); padding-left: var(--wp--preset--spacing--30); flex-basis: 50%;\">\r\n<figure class=\"wp-block-image size-full has-custom-border\"><img decoding=\"async\" style=\"border-radius: 16px; width: 100%; height: auto; display: block;\" src=\"https:\/\/dev.aimagroup.com\/wp-content\/uploads\/2026\/04\/Analisis-de-datos-financieros-300x200.png\" alt=\"Procesos contables y optimizaci\u00f3n\" \/><\/figure>\r\n<h3 class=\"wp-block-heading has-text-align-center has-neve-text-color-color has-text-color\">An\u00e1lisis de los procesos administrativos y optimizaci\u00f3n de gesti\u00f3n de la empresa<\/h3>\r\n<\/div>\r\n<\/div>\r\n<\/div>\r\n<\/div>\r\n<\/div>\r\n\r\n\r\n\r\n<div class=\"wp-block-cover alignfull has-nv-text-dark-bg-color has-text-color has-link-color wp-elements-de7fe66536e3038a6d7de3b418c72a27 is-layout-flow wp-block-cover-is-layout-flow\" style=\"min-height: 420px;aspect-ratio:unset;\">\u00a0<\/div>\r\n<div class=\"wp-block-cover alignfull\" style=\"min-height: 600px;\">\r\n<div class=\"wp-block-cover__inner-container\">\r\n<div class=\"wp-block-group\">\r\n\r\n\r\n<div class=\"wp-block-columns are-vertically-aligned-center is-layout-flex wp-container-core-columns-is-layout-9d6595d7 wp-block-columns-is-layout-flex\">\r\n<div class=\"wp-block-column is-vertically-aligned-center is-layout-flow wp-block-column-is-layout-flow\" style=\"padding-right: var(--wp--preset--spacing--30); padding-left: var(--wp--preset--spacing--30); flex-basis: 50%;\">\r\n<figure class=\"wp-block-image size-full has-custom-border is-style-default\"><img loading=\"lazy\" decoding=\"async\" class=\"alignnone wp-image-64\" src=\"https:\/\/dev.aimagroup.com\/wp-content\/uploads\/2026\/04\/ciberseguridad-300x200.png\" alt=\"Ciberseguridad, redes, teletrabajo\" width=\"596\" height=\"397\" srcset=\"https:\/\/dev.aimagroup.com\/wp-content\/uploads\/2026\/04\/ciberseguridad-300x200.png 300w, https:\/\/dev.aimagroup.com\/wp-content\/uploads\/2026\/04\/ciberseguridad-1024x683.png 1024w, https:\/\/dev.aimagroup.com\/wp-content\/uploads\/2026\/04\/ciberseguridad-768x512.png 768w, https:\/\/dev.aimagroup.com\/wp-content\/uploads\/2026\/04\/ciberseguridad-930x620.png 930w, https:\/\/dev.aimagroup.com\/wp-content\/uploads\/2026\/04\/ciberseguridad.png 1536w\" sizes=\"auto, (max-width: 596px) 100vw, 596px\" \/><\/figure>\r\n<\/div>\r\n\r\n\r\n\r\n<div class=\"wp-block-column is-vertically-aligned-center is-layout-flow wp-block-column-is-layout-flow\" style=\"padding-right: var(--wp--preset--spacing--30); padding-left: var(--wp--preset--spacing--30); flex-basis: 50%;\">\r\n<div class=\"wp-block-spacer\" style=\"height: 20px;\" aria-hidden=\"true\">\u00a0<\/div>\r\n\r\n\r\n\r\n<h2 class=\"wp-block-heading has-text-align-left has-neve-text-color-color has-text-color\">Food Magazine Ad<\/h2>\r\n\r\n\r\n\r\n<p class=\"has-text-align-left has-neve-text-color-color has-text-color\" style=\"font-size: 17px;\">Lorem ipsum dolor sit amet, consectetur adipiscing elit. Ut elit tellus, luctus nec ullamcorper mattis, pulvinar dapibus. Fit authentic try-hard farm-to-table hammock hexagon aesthetic.<\/p>\r\n\r\n\r\n\r\n<div class=\"wp-block-buttons has-custom-font-size has-small-font-size is-content-justification-left is-layout-flex wp-container-core-buttons-is-layout-fdcfc74e wp-block-buttons-is-layout-flex\">\r\n<div class=\"wp-block-button has-custom-font-size is-style-default\" style=\"font-size: 16px;\"><a class=\"wp-block-button__link has-nv-text-dark-bg-color has-neve-link-color-background-color has-text-color has-background has-link-color wp-element-button\" href=\"#\">Learn more<\/a><\/div>\r\n<\/div>\r\n<\/div>\r\n<\/div>\r\n\r\n\r\n\r\n<div class=\"wp-block-columns are-vertically-aligned-center is-layout-flex wp-container-core-columns-is-layout-9d6595d7 wp-block-columns-is-layout-flex\">\r\n<div class=\"wp-block-column is-vertically-aligned-center is-layout-flow wp-block-column-is-layout-flow\" style=\"padding-right: var(--wp--preset--spacing--30); padding-left: var(--wp--preset--spacing--30); flex-basis: 50%;\">\r\n<div class=\"wp-block-spacer\" style=\"height: 20px;\" aria-hidden=\"true\">\u00a0<\/div>\r\n\r\n\r\n\r\n<h2 class=\"wp-block-heading has-text-align-left has-neve-text-color-color has-text-color\">Influencer Marketing<\/h2>\r\n\r\n\r\n\r\n<p class=\"has-text-align-left has-neve-text-color-color has-text-color\" style=\"font-size: 17px;\">Lorem ipsum dolor sit amet, consectetur adipiscing elit. Ut elit tellus, luctus nec ullamcorper mattis, pulvinar dapibus. Fit authentic try-hard farm-to-table hammock hexagon aesthetic.<\/p>\r\n\r\n\r\n\r\n<div class=\"wp-block-buttons has-custom-font-size has-small-font-size is-content-justification-left is-layout-flex wp-container-core-buttons-is-layout-fdcfc74e wp-block-buttons-is-layout-flex\">\r\n<div class=\"wp-block-button has-custom-font-size is-style-default\" style=\"font-size: 16px;\"><a class=\"wp-block-button__link has-nv-text-dark-bg-color has-neve-link-color-background-color has-text-color has-background has-link-color wp-element-button\" href=\"#\">Learn more<\/a><\/div>\r\n<\/div>\r\n<\/div>\r\n\r\n\r\n\r\n<div class=\"wp-block-column is-vertically-aligned-center is-layout-flow wp-block-column-is-layout-flow\" style=\"padding-right: var(--wp--preset--spacing--30); padding-left: var(--wp--preset--spacing--30); flex-basis: 50%;\">\r\n<figure class=\"wp-block-image size-full has-custom-border is-style-default\"><img decoding=\"async\" style=\"border-radius: 16px;\" src=\"https:\/\/dev.aimagroup.com\/wp-content\/themes\/neve\/assets\/img\/starter-content\/neve-marketing-agency-17.png\" alt=\"\" \/><\/figure>\r\n<\/div>\r\n<\/div>\r\n\r\n\r\n\r\n<div class=\"wp-block-spacer\" style=\"height: 40px;\" aria-hidden=\"true\">\u00a0<\/div>\r\n<\/div>\r\n<!-- \/wp:post-content --><\/div>\r\n<\/div>\r\n<!-- \/wp:cover -->\r\n\r\n<!-- wp:cover {\"overlayColor\":\"neve-link-color\",\"isUserOverlayColor\":true,\"minHeight\":300,\"align\":\"full\"} -->\r\n<div class=\"wp-block-cover alignfull\" style=\"min-height: 300px;\">\r\n<div class=\"wp-block-cover__inner-container\"><!-- wp:spacer {\"height\":\"140px\"} -->\r\n<div class=\"wp-block-spacer\" style=\"height: 140px;\" aria-hidden=\"true\">\u00a0<\/div>\r\n<!-- \/wp:spacer -->\r\n\r\n<!-- wp:columns -->\r\n<div class=\"wp-block-columns\"><!-- wp:column {\"width\":\"20%\"} -->\r\n<div class=\"wp-block-column\" style=\"flex-basis: 20%;\">\u00a0<\/div>\r\n<!-- \/wp:column -->\r\n\r\n<!-- wp:column {\"width\":\"60%\"} -->\r\n<div class=\"wp-block-column\" style=\"flex-basis: 60%;\"><!-- wp:group {\"layout\":{\"type\":\"constrained\"}} -->\r\n<div class=\"wp-block-group\"><!-- wp:heading {\"textAlign\":\"center\",\"textColor\":\"nv-text-dark-bg\"} -->\r\n<h2 class=\"wp-block-heading has-text-align-center has-nv-text-dark-bg-color has-text-color\">Let\u2019s work together on your next marketing project<\/h2>\r\n<!-- \/wp:heading -->\r\n\r\n<!-- wp:paragraph {\"align\":\"center\",\"style\":{\"elements\":{\"link\":{\"color\":{\"text\":\"var:preset|color|nv-text-dark-bg\"}}}},\"textColor\":\"nv-text-dark-bg\"} -->\r\n<p class=\"has-text-align-center has-nv-text-dark-bg-color has-text-color has-link-color\">Lorem ipsum dolor sit amet, consectetur adipiscing elit. Ut elit tellus, luctus <br \/>nec ullamcorper mattis, pulvinar dapibus leo.<\/p>\r\n<!-- \/wp:paragraph -->\r\n\r\n<!-- wp:buttons {\"layout\":{\"type\":\"flex\",\"justifyContent\":\"center\",\"orientation\":\"horizontal\"}} -->\r\n<div class=\"wp-block-buttons\"><!-- wp:button {\"textColor\":\"neve-link-color\",\"style\":{\"elements\":{\"link\":{\"color\":{\"text\":\"var:preset|color|neve-link-color\"}}},\"color\":{\"background\":\"#ffffff\"}},\"className\":\"is-style-primary\"} -->\r\n<div class=\"wp-block-button is-style-primary\"><a class=\"wp-block-button__link has-neve-link-color-color has-text-color has-background has-link-color wp-element-button\" style=\"background-color: #ffffff;\" href=\"https:\/\/dev.aimagroup.com\/contact\/\">Get Started<\/a><\/div>\r\n<!-- \/wp:button --><\/div>\r\n<!-- \/wp:buttons --><\/div>\r\n<!-- \/wp:group --><\/div>\r\n<!-- \/wp:column -->\r\n\r\n<!-- wp:column {\"width\":\"20%\"} -->\r\n<div class=\"wp-block-column\" style=\"flex-basis: 20%;\">\u00a0<\/div>\r\n<!-- \/wp:column --><\/div>\r\n<!-- \/wp:columns -->\r\n\r\n<!-- wp:spacer {\"height\":\"140px\"} -->\r\n<div class=\"wp-block-spacer\" style=\"height: 140px;\" aria-hidden=\"true\">\u00a0<\/div>\r\n<!-- \/wp:spacer --><\/div>\r\n<\/div>\r\n<!-- \/wp:cover -->\r\n<p>&nbsp;<\/p>","protected":false},"excerpt":{"rendered":"<p>Business Vivamus dolor sit amet do, consectetur adipiscing. Online Store Sollicitudin ipsum sit amet elit do sed eiusmod tempor. Personal Blog Faucibus dolor sit amet do, consectetur adipiscing. Portfolio Interdum dolor sit amet elit do sed eiusmod tempor. Food Magazine Ad Lorem ipsum dolor sit amet, consectetur adipiscing elit. Ut elit tellus, luctus nec ullamcorper&hellip;&nbsp;<\/p>\n","protected":false},"author":1,"featured_media":0,"parent":0,"menu_order":0,"comment_status":"closed","ping_status":"closed","template":"","meta":{"neve_meta_sidebar":"","neve_meta_container":"","neve_meta_enable_content_width":"on","neve_meta_content_width":100,"neve_meta_title_alignment":"","neve_meta_author_avatar":"","neve_post_elements_order":"","neve_meta_disable_header":"","neve_meta_disable_footer":"","neve_meta_disable_title":"on","footnotes":""},"class_list":["post-7","page","type-page","status-publish","hentry"],"_links":{"self":[{"href":"https:\/\/dev.aimagroup.com\/index.php?rest_route=\/wp\/v2\/pages\/7","targetHints":{"allow":["GET"]}}],"collection":[{"href":"https:\/\/dev.aimagroup.com\/index.php?rest_route=\/wp\/v2\/pages"}],"about":[{"href":"https:\/\/dev.aimagroup.com\/index.php?rest_route=\/wp\/v2\/types\/page"}],"author":[{"embeddable":true,"href":"https:\/\/dev.aimagroup.com\/index.php?rest_route=\/wp\/v2\/users\/1"}],"replies":[{"embeddable":true,"href":"https:\/\/dev.aimagroup.com\/index.php?rest_route=%2Fwp%2Fv2%2Fcomments&post=7"}],"version-history":[{"count":18,"href":"https:\/\/dev.aimagroup.com\/index.php?rest_route=\/wp\/v2\/pages\/7\/revisions"}],"predecessor-version":[{"id":69,"href":"https:\/\/dev.aimagroup.com\/index.php?rest_route=\/wp\/v2\/pages\/7\/revisions\/69"}],"wp:attachment":[{"href":"https:\/\/dev.aimagroup.com\/index.php?rest_route=%2Fwp%2Fv2%2Fmedia&parent=7"}],"curies":[{"name":"wp","href":"https:\/\/api.w.org\/{rel}","templated":true}]}}